{"id":77,"date":"2022-03-29T12:42:20","date_gmt":"2022-03-29T10:42:20","guid":{"rendered":"https:\/\/delphinelemaire-psychologue-sexologue.fr\/?page_id=77"},"modified":"2022-04-05T12:49:53","modified_gmt":"2022-04-05T10:49:53","slug":"consultation","status":"publish","type":"page","link":"https:\/\/delphinelemaire-psychologue-sexologue.fr\/?page_id=77","title":{"rendered":"CONSULTATION"},"content":{"rendered":"\n<p>D\u2019approche int\u00e9grative, Delphine Lemaire travaille dans un premier temps sur la base d\u2019une approche conversationnelle analytique et a dans sa valise diff\u00e9rents outils qu\u2019elle utilise selon les besoins (E.F.T, reconditionnement \u00e9motionnel,&nbsp;\u2026)&nbsp;.<\/p>\n\n\n\n<div style=\"height:100px\" aria-hidden=\"true\" class=\"wp-block-spacer\"><\/div>\n\n\n\n<blockquote class=\"wp-block-quote is-layout-flow wp-block-quote-is-layout-flow\"><p>Il est important d\u2019essayer d\u2019expliquer au&nbsp; maximum ce qui se joue pour le patient dans ses m\u00e9canismes sous-jacents et inconscients.<\/p><cite>DELPHINE LEMAIRE<\/cite><\/blockquote>\n\n\n\n<div style=\"height:100px\" aria-hidden=\"true\" class=\"wp-block-spacer\"><\/div>\n\n\n\n<p>Lors du premier rendez-vous, nous dresserons un \u00e9tat des lieux de votre demande (laquelle aura d\u00e9j\u00e0 pu \u00eatre verbalis\u00e9e lors de la prise de rendez-vous).<\/p>\n\n\n\n<div style=\"height:100px\" aria-hidden=\"true\" class=\"wp-block-spacer\"><\/div>\n\n\n\n<figure class=\"wp-block-image alignfull size-large\"><img loading=\"lazy\" decoding=\"async\" width=\"1024\" height=\"614\" src=\"http:\/\/delphinelemaire-psychologue-sexologue.fr\/wp-content\/uploads\/2022\/03\/cropped-delphinelemaire_psychologuesexologue_cabinet_2-scaled-1-1024x614.jpg\" alt=\"\" class=\"wp-image-82\" srcset=\"https:\/\/delphinelemaire-psychologue-sexologue.fr\/wp-content\/uploads\/2022\/03\/cropped-delphinelemaire_psychologuesexologue_cabinet_2-scaled-1-1024x614.jpg 1024w, https:\/\/delphinelemaire-psychologue-sexologue.fr\/wp-content\/uploads\/2022\/03\/cropped-delphinelemaire_psychologuesexologue_cabinet_2-scaled-1-300x180.jpg 300w, https:\/\/delphinelemaire-psychologue-sexologue.fr\/wp-content\/uploads\/2022\/03\/cropped-delphinelemaire_psychologuesexologue_cabinet_2-scaled-1-768x461.jpg 768w, https:\/\/delphinelemaire-psychologue-sexologue.fr\/wp-content\/uploads\/2022\/03\/cropped-delphinelemaire_psychologuesexologue_cabinet_2-scaled-1-1536x922.jpg 1536w, https:\/\/delphinelemaire-psychologue-sexologue.fr\/wp-content\/uploads\/2022\/03\/cropped-delphinelemaire_psychologuesexologue_cabinet_2-scaled-1.jpg 2000w\" sizes=\"auto, (max-width: 1024px) 100vw, 1024px\" \/><\/figure>\n\n\n\n<h2 class=\"wp-block-heading\">Le tout se d\u00e9roulant dans la bienveillance et la bonne humeur&nbsp;!<\/h2>\n\n\n\n<p>\u00c0 partir de l\u00e0 nous discuterons ensemble les modalit\u00e9s de la suite de nos rencontres.<\/p>\n\n\n\n<div style=\"height:100px\" aria-hidden=\"true\" class=\"wp-block-spacer\"><\/div>\n","protected":false},"excerpt":{"rendered":"<p>D\u2019approche int\u00e9grative, Delphine Lemaire travaille dans un premier temps sur la base d\u2019une approche conversationnelle analytique et a dans sa valise diff\u00e9rents outils qu\u2019elle utilise selon les besoins (E.F.T, reconditionnement \u00e9motionnel,&nbsp;\u2026)&nbsp;. Il est important d\u2019essayer d\u2019expliquer au&nbsp; maximum ce qui se joue pour le patient dans ses m\u00e9canismes sous-jacents et inconscients. DELPHINE LEMAIRE Lors du &hellip; <\/p>\n<p class=\"link-more\"><a href=\"https:\/\/delphinelemaire-psychologue-sexologue.fr\/?page_id=77\" class=\"more-link\">Read more<span class=\"screen-reader-text\"> &#8220;CONSULTATION&#8221;<\/span><\/a><\/p>\n","protected":false},"author":1,"featured_media":176,"parent":0,"menu_order":0,"comment_status":"closed","ping_status":"closed","template":"","meta":{"footnotes":""},"class_list":["post-77","page","type-page","status-publish","has-post-thumbnail","hentry"],"_links":{"self":[{"href":"https:\/\/delphinelemaire-psychologue-sexologue.fr\/index.php?rest_route=\/wp\/v2\/pages\/77","targetHints":{"allow":["GET"]}}],"collection":[{"href":"https:\/\/delphinelemaire-psychologue-sexologue.fr\/index.php?rest_route=\/wp\/v2\/pages"}],"about":[{"href":"https:\/\/delphinelemaire-psychologue-sexologue.fr\/index.php?rest_route=\/wp\/v2\/types\/page"}],"author":[{"embeddable":true,"href":"https:\/\/delphinelemaire-psychologue-sexologue.fr\/index.php?rest_route=\/wp\/v2\/users\/1"}],"replies":[{"embeddable":true,"href":"https:\/\/delphinelemaire-psychologue-sexologue.fr\/index.php?rest_route=%2Fwp%2Fv2%2Fcomments&post=77"}],"version-history":[{"count":5,"href":"https:\/\/delphinelemaire-psychologue-sexologue.fr\/index.php?rest_route=\/wp\/v2\/pages\/77\/revisions"}],"predecessor-version":[{"id":197,"href":"https:\/\/delphinelemaire-psychologue-sexologue.fr\/index.php?rest_route=\/wp\/v2\/pages\/77\/revisions\/197"}],"wp:featuredmedia":[{"embeddable":true,"href":"https:\/\/delphinelemaire-psychologue-sexologue.fr\/index.php?rest_route=\/wp\/v2\/media\/176"}],"wp:attachment":[{"href":"https:\/\/delphinelemaire-psychologue-sexologue.fr\/index.php?rest_route=%2Fwp%2Fv2%2Fmedia&parent=77"}],"curies":[{"name":"wp","href":"https:\/\/api.w.org\/{rel}","templated":true}]}}