{"id":75,"date":"2022-03-29T12:40:13","date_gmt":"2022-03-29T10:40:13","guid":{"rendered":"https:\/\/delphinelemaire-psychologue-sexologue.fr\/?page_id=75"},"modified":"2022-04-05T13:11:09","modified_gmt":"2022-04-05T11:11:09","slug":"pourquoi-consulter","status":"publish","type":"page","link":"https:\/\/delphinelemaire-psychologue-sexologue.fr\/?page_id=75","title":{"rendered":"POURQUOI CONSULTER"},"content":{"rendered":"\n<h2 class=\"wp-block-heading\">VOUS RESSENTEZ UN MAL \u00caTRE&#8230;&nbsp;<\/h2>\n\n\n\n<div style=\"height:50px\" aria-hidden=\"true\" class=\"wp-block-spacer\"><\/div>\n\n\n\n<p>DIFFICULT\u00c9S de gestion des \u00e9motions,&nbsp;BESOIN de parler de certains sujets v\u00e9cus r\u00e9cemment ou il y a longtemps,&nbsp;VICTIME d\u2019une agression (physique ou psychique), DIFFICULT\u00c9S au travail, \u00e0 l\u2019\u00e9cole,&nbsp;DIFFICULT\u00c9S relationnelles, &nbsp;ENFANT en difficult\u00e9, PROBL\u00c8MES de couples OU dans votre vie intime&#8230;<\/p>\n\n\n\n<div style=\"height:100px\" aria-hidden=\"true\" class=\"wp-block-spacer\"><\/div>\n\n\n\n<figure class=\"wp-block-image alignfull size-large\"><img loading=\"lazy\" decoding=\"async\" width=\"1024\" height=\"536\" src=\"http:\/\/delphinelemaire-psychologue-sexologue.fr\/wp-content\/uploads\/2022\/04\/delphine_lemaire_psychologue_sexologue_clinicienne_01-01-1024x536.jpg\" alt=\"\" class=\"wp-image-186\" srcset=\"https:\/\/delphinelemaire-psychologue-sexologue.fr\/wp-content\/uploads\/2022\/04\/delphine_lemaire_psychologue_sexologue_clinicienne_01-01-1024x536.jpg 1024w, https:\/\/delphinelemaire-psychologue-sexologue.fr\/wp-content\/uploads\/2022\/04\/delphine_lemaire_psychologue_sexologue_clinicienne_01-01-300x157.jpg 300w, https:\/\/delphinelemaire-psychologue-sexologue.fr\/wp-content\/uploads\/2022\/04\/delphine_lemaire_psychologue_sexologue_clinicienne_01-01-768x402.jpg 768w, https:\/\/delphinelemaire-psychologue-sexologue.fr\/wp-content\/uploads\/2022\/04\/delphine_lemaire_psychologue_sexologue_clinicienne_01-01-1536x804.jpg 1536w, https:\/\/delphinelemaire-psychologue-sexologue.fr\/wp-content\/uploads\/2022\/04\/delphine_lemaire_psychologue_sexologue_clinicienne_01-01-2048x1072.jpg 2048w, https:\/\/delphinelemaire-psychologue-sexologue.fr\/wp-content\/uploads\/2022\/04\/delphine_lemaire_psychologue_sexologue_clinicienne_01-01-2000x1047.jpg 2000w\" sizes=\"auto, (max-width: 1024px) 100vw, 1024px\" \/><\/figure>\n\n\n\n<div style=\"height:50px\" aria-hidden=\"true\" class=\"wp-block-spacer\"><\/div>\n\n\n\n<h1 class=\"wp-block-heading\">Vous vous posez des questions sur votre sexualit\u00e9&#8230;<\/h1>\n\n\n\n<div style=\"height:50px\" aria-hidden=\"true\" class=\"wp-block-spacer\"><\/div>\n\n\n\n<h2 class=\"wp-block-heading\">TROUBLES sexuels tels que<\/h2>\n\n\n\n<ul class=\"wp-block-list\"><li>Troubles du d\u00e9sir<\/li><li>Troubles de l\u2019\u00e9rection&nbsp;<\/li><li>Troubles de l\u2019\u00e9jaculation<\/li><li>Des difficult\u00e9s \u00e0 ressentir un orgasme<\/li><li>Vaginisme, impossibilit\u00e9 d\u2019\u00eatre p\u00e9n\u00e9tr\u00e9e<\/li><li>Dyspareunies, douleurs pendant les rapports<\/li><li>Addiction au porno<\/li><li>Violences sexuelles \u2013 auteurs ou victimes&nbsp;<\/li><\/ul>\n\n\n\n<div style=\"height:100px\" aria-hidden=\"true\" class=\"wp-block-spacer\"><\/div>\n","protected":false},"excerpt":{"rendered":"<p>VOUS RESSENTEZ UN MAL \u00caTRE&#8230;&nbsp; DIFFICULT\u00c9S de gestion des \u00e9motions,&nbsp;BESOIN de parler de certains sujets v\u00e9cus r\u00e9cemment ou il y a longtemps,&nbsp;VICTIME d\u2019une agression (physique ou psychique), DIFFICULT\u00c9S au travail, \u00e0 l\u2019\u00e9cole,&nbsp;DIFFICULT\u00c9S relationnelles, &nbsp;ENFANT en difficult\u00e9, PROBL\u00c8MES de couples OU dans votre vie intime&#8230; Vous vous posez des questions sur votre sexualit\u00e9&#8230; TROUBLES sexuels tels &hellip; <\/p>\n<p class=\"link-more\"><a href=\"https:\/\/delphinelemaire-psychologue-sexologue.fr\/?page_id=75\" class=\"more-link\">Read more<span class=\"screen-reader-text\"> &#8220;POURQUOI CONSULTER&#8221;<\/span><\/a><\/p>\n","protected":false},"author":1,"featured_media":211,"parent":0,"menu_order":0,"comment_status":"closed","ping_status":"closed","template":"","meta":{"footnotes":""},"class_list":["post-75","page","type-page","status-publish","has-post-thumbnail","hentry"],"_links":{"self":[{"href":"https:\/\/delphinelemaire-psychologue-sexologue.fr\/index.php?rest_route=\/wp\/v2\/pages\/75","targetHints":{"allow":["GET"]}}],"collection":[{"href":"https:\/\/delphinelemaire-psychologue-sexologue.fr\/index.php?rest_route=\/wp\/v2\/pages"}],"about":[{"href":"https:\/\/delphinelemaire-psychologue-sexologue.fr\/index.php?rest_route=\/wp\/v2\/types\/page"}],"author":[{"embeddable":true,"href":"https:\/\/delphinelemaire-psychologue-sexologue.fr\/index.php?rest_route=\/wp\/v2\/users\/1"}],"replies":[{"embeddable":true,"href":"https:\/\/delphinelemaire-psychologue-sexologue.fr\/index.php?rest_route=%2Fwp%2Fv2%2Fcomments&post=75"}],"version-history":[{"count":7,"href":"https:\/\/delphinelemaire-psychologue-sexologue.fr\/index.php?rest_route=\/wp\/v2\/pages\/75\/revisions"}],"predecessor-version":[{"id":194,"href":"https:\/\/delphinelemaire-psychologue-sexologue.fr\/index.php?rest_route=\/wp\/v2\/pages\/75\/revisions\/194"}],"wp:featuredmedia":[{"embeddable":true,"href":"https:\/\/delphinelemaire-psychologue-sexologue.fr\/index.php?rest_route=\/wp\/v2\/media\/211"}],"wp:attachment":[{"href":"https:\/\/delphinelemaire-psychologue-sexologue.fr\/index.php?rest_route=%2Fwp%2Fv2%2Fmedia&parent=75"}],"curies":[{"name":"wp","href":"https:\/\/api.w.org\/{rel}","templated":true}]}}