{"id":104,"date":"2022-03-29T14:08:36","date_gmt":"2022-03-29T12:08:36","guid":{"rendered":"https:\/\/delphinelemaire-psychologue-sexologue.fr\/?page_id=104"},"modified":"2022-04-05T12:56:17","modified_gmt":"2022-04-05T10:56:17","slug":"qui-suis-je","status":"publish","type":"page","link":"https:\/\/delphinelemaire-psychologue-sexologue.fr\/?page_id=104","title":{"rendered":"QUI SUIS-JE ?"},"content":{"rendered":"\n<div class=\"wp-block-media-text alignwide has-media-on-the-right is-stacked-on-mobile\" style=\"grid-template-columns:auto 44%\"><figure class=\"wp-block-media-text__media\"><img loading=\"lazy\" decoding=\"async\" width=\"1007\" height=\"1024\" src=\"https:\/\/delphinelemaire-psychologue-sexologue.fr\/wp-content\/uploads\/2022\/03\/DELPHINELEMAIRE-1007x1024.png\" alt=\"\" class=\"wp-image-105 size-full\" srcset=\"https:\/\/delphinelemaire-psychologue-sexologue.fr\/wp-content\/uploads\/2022\/03\/DELPHINELEMAIRE-1007x1024.png 1007w, https:\/\/delphinelemaire-psychologue-sexologue.fr\/wp-content\/uploads\/2022\/03\/DELPHINELEMAIRE-295x300.png 295w, https:\/\/delphinelemaire-psychologue-sexologue.fr\/wp-content\/uploads\/2022\/03\/DELPHINELEMAIRE-768x781.png 768w, https:\/\/delphinelemaire-psychologue-sexologue.fr\/wp-content\/uploads\/2022\/03\/DELPHINELEMAIRE-1511x1536.png 1511w, https:\/\/delphinelemaire-psychologue-sexologue.fr\/wp-content\/uploads\/2022\/03\/DELPHINELEMAIRE.png 1574w\" sizes=\"auto, (max-width: 1007px) 100vw, 1007px\" \/><\/figure><div class=\"wp-block-media-text__content\">\n<blockquote class=\"wp-block-quote is-layout-flow wp-block-quote-is-layout-flow\"><p>Et tout au long de l\u2019ann\u00e9e, je suis diverses formations afin de permettre \u00e0 ma pratique d\u2019\u00e9voluer.<\/p><cite>DELPHINE LEMAIRE<\/cite><\/blockquote>\n\n\n\n<p><\/p>\n<\/div><\/div>\n\n\n\n<div style=\"height:100px\" aria-hidden=\"true\" class=\"wp-block-spacer\"><\/div>\n\n\n\n<p>Dipl\u00f4m\u00e9e en psychologie en 2005 \u00e0 l\u2019Universit\u00e9 de Li\u00e8ge en Belgique, Delphine Lemaire a&nbsp; suivi un cursus en psychologie clinique et d\u00e9veloppementale.&nbsp;<\/p>\n\n\n\n<p>En 2006 elle a obtenu un dipl\u00f4me d\u2019\u00e9tude sp\u00e9cialis\u00e9 en criminologie \u00e0 l\u2019Universit\u00e9 de Li\u00e8ge.<\/p>\n\n\n\n<p>Depuis 2020 elle se&nbsp; forme en psycho sexologie \u00e0 l\u2019\u00c9cole de Psycho Sexologie de Paris. La m\u00eame ann\u00e9e elle s\u2019est aussi form\u00e9e en REC-SO, Reprogrammation Emotionnelle et Comportementale par Stimulation Oculaire.<\/p>\n\n\n\n<div style=\"height:100px\" aria-hidden=\"true\" class=\"wp-block-spacer\"><\/div>\n\n\n\n<h2 class=\"wp-block-heading\"><strong>FORMATIONS<\/strong><\/h2>\n\n\n\n<div style=\"height:20px\" aria-hidden=\"true\" class=\"wp-block-spacer\"><\/div>\n\n\n\n<p>Facult\u00e9 de psychologie et des sciences de l\u2019\u00e9ducation, Universit\u00e9 de Li\u00e8ge, Belgique.<\/p>\n\n\n\n<p>Ecole de Criminologie Jean Constant, Universit\u00e9 de Li\u00e8ge, Belgique.<\/p>\n\n\n\n<p>Universit\u00e9 Toulouse Le Mirail.<\/p>\n\n\n\n<div style=\"height:100px\" aria-hidden=\"true\" class=\"wp-block-spacer\"><\/div>\n\n\n\n<figure class=\"wp-block-image size-large\"><img loading=\"lazy\" decoding=\"async\" width=\"1024\" height=\"561\" src=\"http:\/\/delphinelemaire-psychologue-sexologue.fr\/wp-content\/uploads\/2022\/04\/DELPHINE_LEMAIRE_psychologue_sexologue_clinicienne_05-01-1024x561.jpg\" alt=\"\" class=\"wp-image-198\" srcset=\"https:\/\/delphinelemaire-psychologue-sexologue.fr\/wp-content\/uploads\/2022\/04\/DELPHINE_LEMAIRE_psychologue_sexologue_clinicienne_05-01-1024x561.jpg 1024w, https:\/\/delphinelemaire-psychologue-sexologue.fr\/wp-content\/uploads\/2022\/04\/DELPHINE_LEMAIRE_psychologue_sexologue_clinicienne_05-01-300x164.jpg 300w, https:\/\/delphinelemaire-psychologue-sexologue.fr\/wp-content\/uploads\/2022\/04\/DELPHINE_LEMAIRE_psychologue_sexologue_clinicienne_05-01-768x421.jpg 768w, https:\/\/delphinelemaire-psychologue-sexologue.fr\/wp-content\/uploads\/2022\/04\/DELPHINE_LEMAIRE_psychologue_sexologue_clinicienne_05-01-1536x842.jpg 1536w, https:\/\/delphinelemaire-psychologue-sexologue.fr\/wp-content\/uploads\/2022\/04\/DELPHINE_LEMAIRE_psychologue_sexologue_clinicienne_05-01-2048x1122.jpg 2048w, https:\/\/delphinelemaire-psychologue-sexologue.fr\/wp-content\/uploads\/2022\/04\/DELPHINE_LEMAIRE_psychologue_sexologue_clinicienne_05-01-2000x1096.jpg 2000w\" sizes=\"auto, (max-width: 1024px) 100vw, 1024px\" \/><figcaption>DELPHINE LEMAIRE psychologue sexologue clinicienne<\/figcaption><\/figure>\n\n\n\n<div style=\"height:100px\" aria-hidden=\"true\" class=\"wp-block-spacer\"><\/div>\n\n\n\n<h2 class=\"wp-block-heading\"><strong>\u00c9CRITS<\/strong><\/h2>\n\n\n\n<div style=\"height:20px\" aria-hidden=\"true\" class=\"wp-block-spacer\"><\/div>\n\n\n\n<p>M\u00e9moire&nbsp;: Les apports du placement en Institution Publique de la Jeunesse au niveau de l\u2019engagement dans un projet de vie chez le d\u00e9linquant juv\u00e9nile.&nbsp;<\/p>\n\n\n\n<p>D.E.S criminologie, s\u00e9minaire de droit p\u00e9nal \u00ab&nbsp;Le PEP\u2019S, sa mission, ses objectifs, ses effets&nbsp;\u00bb.<\/p>\n\n\n\n<p>D.E.S criminologie, cours de p\u00e9nologie \u00ab&nbsp; La m\u00e9diation p\u00e9nale&nbsp;\u00bb.<\/p>\n\n\n\n<p>D.E.S criminologie, s\u00e9minaire de psychologie de la d\u00e9linquance \u00ab&nbsp; Le Relais Social du Pays de Li\u00e8ge, le travail de rue&nbsp;\u00bb.<\/p>\n\n\n\n<p>Master 2 de psychologie, cours de d\u00e9ontologie \u00ab\u00c9duquer sans punir, la place du psychologue aupr\u00e8s des jeunes d\u00e9linquants&nbsp;\u00bb.<\/p>\n\n\n\n<div style=\"height:100px\" aria-hidden=\"true\" class=\"wp-block-spacer\"><\/div>\n","protected":false},"excerpt":{"rendered":"<p>Et tout au long de l\u2019ann\u00e9e, je suis diverses formations afin de permettre \u00e0 ma pratique d\u2019\u00e9voluer. DELPHINE LEMAIRE Dipl\u00f4m\u00e9e en psychologie en 2005 \u00e0 l\u2019Universit\u00e9 de Li\u00e8ge en Belgique, Delphine Lemaire a&nbsp; suivi un cursus en psychologie clinique et d\u00e9veloppementale.&nbsp; En 2006 elle a obtenu un dipl\u00f4me d\u2019\u00e9tude sp\u00e9cialis\u00e9 en criminologie \u00e0 l\u2019Universit\u00e9 de &hellip; <\/p>\n<p class=\"link-more\"><a href=\"https:\/\/delphinelemaire-psychologue-sexologue.fr\/?page_id=104\" class=\"more-link\">Read more<span class=\"screen-reader-text\"> &#8220;QUI SUIS-JE ?&#8221;<\/span><\/a><\/p>\n","protected":false},"author":1,"featured_media":200,"parent":0,"menu_order":0,"comment_status":"closed","ping_status":"closed","template":"","meta":{"footnotes":""},"class_list":["post-104","page","type-page","status-publish","has-post-thumbnail","hentry"],"_links":{"self":[{"href":"https:\/\/delphinelemaire-psychologue-sexologue.fr\/index.php?rest_route=\/wp\/v2\/pages\/104","targetHints":{"allow":["GET"]}}],"collection":[{"href":"https:\/\/delphinelemaire-psychologue-sexologue.fr\/index.php?rest_route=\/wp\/v2\/pages"}],"about":[{"href":"https:\/\/delphinelemaire-psychologue-sexologue.fr\/index.php?rest_route=\/wp\/v2\/types\/page"}],"author":[{"embeddable":true,"href":"https:\/\/delphinelemaire-psychologue-sexologue.fr\/index.php?rest_route=\/wp\/v2\/users\/1"}],"replies":[{"embeddable":true,"href":"https:\/\/delphinelemaire-psychologue-sexologue.fr\/index.php?rest_route=%2Fwp%2Fv2%2Fcomments&post=104"}],"version-history":[{"count":17,"href":"https:\/\/delphinelemaire-psychologue-sexologue.fr\/index.php?rest_route=\/wp\/v2\/pages\/104\/revisions"}],"predecessor-version":[{"id":204,"href":"https:\/\/delphinelemaire-psychologue-sexologue.fr\/index.php?rest_route=\/wp\/v2\/pages\/104\/revisions\/204"}],"wp:featuredmedia":[{"embeddable":true,"href":"https:\/\/delphinelemaire-psychologue-sexologue.fr\/index.php?rest_route=\/wp\/v2\/media\/200"}],"wp:attachment":[{"href":"https:\/\/delphinelemaire-psychologue-sexologue.fr\/index.php?rest_route=%2Fwp%2Fv2%2Fmedia&parent=104"}],"curies":[{"name":"wp","href":"https:\/\/api.w.org\/{rel}","templated":true}]}}